{"id":1708,"date":"2018-06-21T07:50:55","date_gmt":"2018-06-21T07:50:55","guid":{"rendered":"http:\/\/barberry:8888\/my-account\/"},"modified":"2026-04-11T01:49:54","modified_gmt":"2026-04-10T23:49:54","slug":"mon-compte","status":"publish","type":"page","link":"https:\/\/www.tktx.eu\/fr\/mon-compte\/","title":{"rendered":"Mon compte"},"content":{"rendered":"<div class=\"woocommerce\"><\/div>","protected":false},"excerpt":{"rendered":"","protected":false},"author":1,"featured_media":0,"parent":0,"menu_order":0,"comment_status":"closed","ping_status":"closed","template":"","meta":{"footnotes":""},"class_list":["post-1708","page","type-page","status-publish","hentry"],"yoast_head":"<!-- This site is optimized with the Yoast SEO Premium plugin v27.3 (Yoast SEO v27.3) - https:\/\/yoast.com\/product\/yoast-seo-premium-wordpress\/ -->\n<title>My account | TKTX Europe<\/title>\n<meta name=\"robots\" content=\"index, follow, max-snippet:-1, max-image-preview:large, max-video-preview:-1\" \/>\n<link rel=\"canonical\" href=\"https:\/\/www.tktx.eu\/fr\/mon-compte\/\" \/>\n<meta property=\"og:locale\" content=\"fr_FR\" \/>\n<meta property=\"og:type\" content=\"article\" \/>\n<meta property=\"og:title\" content=\"My account\" \/>\n<meta property=\"og:url\" content=\"https:\/\/www.tktx.eu\/fr\/mon-compte\/\" \/>\n<meta property=\"og:site_name\" content=\"TKTX Europe\" \/>\n<meta property=\"article:publisher\" content=\"https:\/\/www.facebook.com\/tktxinternational\" \/>\n<meta property=\"article:modified_time\" content=\"2026-04-10T23:49:54+00:00\" \/>\n<meta property=\"og:image\" content=\"https:\/\/www.tktx.eu\/wp-content\/uploads\/2021\/09\/tktx_official_mm_background_1-e1630792902679.jpg\" \/>\n\t<meta property=\"og:image:width\" content=\"298\" \/>\n\t<meta property=\"og:image:height\" content=\"300\" \/>\n\t<meta property=\"og:image:type\" content=\"image\/jpeg\" \/>\n<meta name=\"twitter:card\" content=\"summary_large_image\" \/>\n<meta name=\"twitter:site\" content=\"@tktxeurope\" \/>\n<script type=\"application\/ld+json\" class=\"yoast-schema-graph\">{\"@context\":\"https:\\\/\\\/schema.org\",\"@graph\":[{\"@type\":\"WebPage\",\"@id\":\"https:\\\/\\\/www.tktx.eu\\\/my-account\\\/\",\"url\":\"https:\\\/\\\/www.tktx.eu\\\/my-account\\\/\",\"name\":\"My account | TKTX Europe\",\"isPartOf\":{\"@id\":\"https:\\\/\\\/www.tktx.eu\\\/#website\"},\"datePublished\":\"2018-06-21T07:50:55+00:00\",\"dateModified\":\"2026-04-10T23:49:54+00:00\",\"breadcrumb\":{\"@id\":\"https:\\\/\\\/www.tktx.eu\\\/my-account\\\/#breadcrumb\"},\"inLanguage\":\"fr-FR\",\"potentialAction\":[{\"@type\":\"ReadAction\",\"target\":[\"https:\\\/\\\/www.tktx.eu\\\/my-account\\\/\"]}]},{\"@type\":\"BreadcrumbList\",\"@id\":\"https:\\\/\\\/www.tktx.eu\\\/my-account\\\/#breadcrumb\",\"itemListElement\":[{\"@type\":\"ListItem\",\"position\":1,\"name\":\"Home\",\"item\":\"https:\\\/\\\/www.tktx.eu\\\/\"},{\"@type\":\"ListItem\",\"position\":2,\"name\":\"My account\"}]},{\"@type\":\"WebSite\",\"@id\":\"https:\\\/\\\/www.tktx.eu\\\/#website\",\"url\":\"https:\\\/\\\/www.tktx.eu\\\/\",\"name\":\"TKTX Europe\",\"description\":\"TKTX Numbing Cream | Official EU Supplier\",\"publisher\":{\"@id\":\"https:\\\/\\\/www.tktx.eu\\\/#organization\"},\"alternateName\":\"TKTX Europe\",\"potentialAction\":[{\"@type\":\"SearchAction\",\"target\":{\"@type\":\"EntryPoint\",\"urlTemplate\":\"https:\\\/\\\/www.tktx.eu\\\/?s={search_term_string}\"},\"query-input\":{\"@type\":\"PropertyValueSpecification\",\"valueRequired\":true,\"valueName\":\"search_term_string\"}}],\"inLanguage\":\"fr-FR\"},{\"@type\":\"Organization\",\"@id\":\"https:\\\/\\\/www.tktx.eu\\\/#organization\",\"name\":\"BAODAO GmbH\",\"alternateName\":\"TKTX Europe\",\"url\":\"https:\\\/\\\/www.tktx.eu\\\/\",\"logo\":{\"@type\":\"ImageObject\",\"inLanguage\":\"fr-FR\",\"@id\":\"https:\\\/\\\/www.tktx.eu\\\/#\\\/schema\\\/logo\\\/image\\\/\",\"url\":\"https:\\\/\\\/www.tktx.eu\\\/wp-content\\\/uploads\\\/2023\\\/04\\\/Official-TKTX_logo.svg\",\"contentUrl\":\"https:\\\/\\\/www.tktx.eu\\\/wp-content\\\/uploads\\\/2023\\\/04\\\/Official-TKTX_logo.svg\",\"width\":39,\"height\":14,\"caption\":\"BAODAO GmbH\"},\"image\":{\"@id\":\"https:\\\/\\\/www.tktx.eu\\\/#\\\/schema\\\/logo\\\/image\\\/\"},\"sameAs\":[\"https:\\\/\\\/www.facebook.com\\\/tktxinternational\",\"https:\\\/\\\/x.com\\\/tktxeurope\",\"https:\\\/\\\/www.instagram.com\\\/tktx.international\",\"https:\\\/\\\/www.pinterest.com\\\/tktxinternational\"],\"description\":\"TKTX Europe\u00ae is the official European distributor of authentic TKTX numbing products, operated by BAODAO GmbH and based in Rostock, Germany. We provide fast, reliable EU\u2011based delivery using DHL Paket Premium and DHL Express, ensuring secure and efficient service across Europe. Our focus is on premium-quality numbing creams and related aftercare products for tattoos, PMU, laser procedures and cosmetic treatments. All orders are shipped from our European fulfilment center, processed with strict quality control, and supported by secure payment methods including Stripe (Credit Card), PayPal, and SEPA transfers. We offer Buyer Protection for every order, transparent shipping policies, and dedicated customer support via WhatsApp and email. As an EU\u2011registered company, TKTX Europe\u00ae is committed to providing authentic products, verified stock, and trustworthy service for customers across the European market.\",\"email\":\"support@tktx.eu\",\"telephone\":\"+4915236423944\",\"legalName\":\"BAODAO GmbH\",\"vatID\":\"DE457888659\",\"taxID\":\"079 106 09399\",\"numberOfEmployees\":{\"@type\":\"QuantitativeValue\",\"minValue\":\"1\",\"maxValue\":\"10\"},\"ownershipFundingInfo\":\"https:\\\/\\\/www.tktx.eu\\\/terms-conditions\\\/\",\"actionableFeedbackPolicy\":\"https:\\\/\\\/www.tktx.eu\\\/terms-conditions\\\/\",\"correctionsPolicy\":\"https:\\\/\\\/www.tktx.eu\\\/terms-conditions\\\/\",\"hasMerchantReturnPolicy\":{\"@type\":\"MerchantReturnPolicy\",\"merchantReturnLink\":\"https:\\\/\\\/www.tktx.eu\\\/fr\\\/remboursement_retours\\\/\"}}]}<\/script>\n<!-- \/ Yoast SEO Premium plugin. -->","yoast_head_json":{"title":"Mon compte | TKTX Europe","robots":{"index":"index","follow":"follow","max-snippet":"max-snippet:-1","max-image-preview":"max-image-preview:large","max-video-preview":"max-video-preview:-1"},"canonical":"https:\/\/www.tktx.eu\/fr\/mon-compte\/","og_locale":"fr_FR","og_type":"article","og_title":"My account","og_url":"https:\/\/www.tktx.eu\/fr\/mon-compte\/","og_site_name":"TKTX Europe","article_publisher":"https:\/\/www.facebook.com\/tktxinternational","article_modified_time":"2026-04-10T23:49:54+00:00","og_image":[{"width":298,"height":300,"url":"https:\/\/www.tktx.eu\/wp-content\/uploads\/2021\/09\/tktx_official_mm_background_1-e1630792902679.jpg","type":"image\/jpeg"}],"twitter_card":"summary_large_image","twitter_site":"@tktxeurope","schema":{"@context":"https:\/\/schema.org","@graph":[{"@type":"WebPage","@id":"https:\/\/www.tktx.eu\/my-account\/","url":"https:\/\/www.tktx.eu\/my-account\/","name":"Mon compte | TKTX Europe","isPartOf":{"@id":"https:\/\/www.tktx.eu\/#website"},"datePublished":"2018-06-21T07:50:55+00:00","dateModified":"2026-04-10T23:49:54+00:00","breadcrumb":{"@id":"https:\/\/www.tktx.eu\/my-account\/#breadcrumb"},"inLanguage":"fr-FR","potentialAction":[{"@type":"ReadAction","target":["https:\/\/www.tktx.eu\/my-account\/"]}]},{"@type":"BreadcrumbList","@id":"https:\/\/www.tktx.eu\/my-account\/#breadcrumb","itemListElement":[{"@type":"ListItem","position":1,"name":"Home","item":"https:\/\/www.tktx.eu\/"},{"@type":"ListItem","position":2,"name":"My account"}]},{"@type":"WebSite","@id":"https:\/\/www.tktx.eu\/#website","url":"https:\/\/www.tktx.eu\/","name":"TKTX Europe","description":"Cr\u00e8me anesth\u00e9siante TKTX | Fournisseur officiel UE","publisher":{"@id":"https:\/\/www.tktx.eu\/#organization"},"alternateName":"TKTX Europe","potentialAction":[{"@type":"SearchAction","target":{"@type":"EntryPoint","urlTemplate":"https:\/\/www.tktx.eu\/?s={search_term_string}"},"query-input":{"@type":"PropertyValueSpecification","valueRequired":true,"valueName":"search_term_string"}}],"inLanguage":"fr-FR"},{"@type":"Organization","@id":"https:\/\/www.tktx.eu\/#organization","name":"BAODAO GmbH","alternateName":"TKTX Europe","url":"https:\/\/www.tktx.eu\/","logo":{"@type":"ImageObject","inLanguage":"fr-FR","@id":"https:\/\/www.tktx.eu\/#\/schema\/logo\/image\/","url":"https:\/\/www.tktx.eu\/wp-content\/uploads\/2023\/04\/Official-TKTX_logo.svg","contentUrl":"https:\/\/www.tktx.eu\/wp-content\/uploads\/2023\/04\/Official-TKTX_logo.svg","width":39,"height":14,"caption":"BAODAO GmbH"},"image":{"@id":"https:\/\/www.tktx.eu\/#\/schema\/logo\/image\/"},"sameAs":["https:\/\/www.facebook.com\/tktxinternational","https:\/\/x.com\/tktxeurope","https:\/\/www.instagram.com\/tktx.international","https:\/\/www.pinterest.com\/tktxinternational"],"description":"TKTX Europe\u00ae est le distributeur europ\u00e9en officiel des produits anesth\u00e9siants authentiques TKTX. La soci\u00e9t\u00e9 BAODAO GmbH est bas\u00e9e \u00e0 Rostock, en Allemagne. Nous assurons une livraison rapide et fiable dans toute l&#039;UE gr\u00e2ce \u00e0 DHL Paket Premium et DHL Express, garantissant un service s\u00e9curis\u00e9 et efficace. Nous nous sp\u00e9cialisons dans les cr\u00e8mes anesth\u00e9siantes de qualit\u00e9 sup\u00e9rieure et les produits de soins associ\u00e9s pour les tatouages, le maquillage permanent, les traitements laser et les soins esth\u00e9tiques. Toutes les commandes sont exp\u00e9di\u00e9es depuis notre centre de distribution europ\u00e9en, trait\u00e9es avec un contr\u00f4le qualit\u00e9 rigoureux et s\u00e9curis\u00e9es par des moyens de paiement tels que Stripe (carte bancaire), PayPal et virement SEPA. Nous offrons une protection acheteur pour chaque commande, des conditions de livraison transparentes et un service client d\u00e9di\u00e9 par WhatsApp et e-mail. En tant qu&#039;entreprise enregistr\u00e9e dans l&#039;UE, TKTX Europe\u00ae s&#039;engage \u00e0 fournir des produits authentiques, des stocks v\u00e9rifi\u00e9s et un service de confiance \u00e0 ses clients sur le march\u00e9 europ\u00e9en.","email":"support@tktx.eu","telephone":"+4915236423944","legalName":"BAODAO GmbH","vatID":"DE457888659","taxID":"079 106 09399","numberOfEmployees":{"@type":"QuantitativeValue","minValue":"1","maxValue":"10"},"ownershipFundingInfo":"https:\/\/www.tktx.eu\/terms-conditions\/","actionableFeedbackPolicy":"https:\/\/www.tktx.eu\/terms-conditions\/","correctionsPolicy":"https:\/\/www.tktx.eu\/terms-conditions\/","hasMerchantReturnPolicy":{"@type":"MerchantReturnPolicy","merchantReturnLink":"https:\/\/www.tktx.eu\/fr\/remboursement_retours\/"}}]}},"_links":{"self":[{"href":"https:\/\/www.tktx.eu\/fr\/wp-json\/wp\/v2\/pages\/1708","targetHints":{"allow":["GET"]}}],"collection":[{"href":"https:\/\/www.tktx.eu\/fr\/wp-json\/wp\/v2\/pages"}],"about":[{"href":"https:\/\/www.tktx.eu\/fr\/wp-json\/wp\/v2\/types\/page"}],"author":[{"embeddable":true,"href":"https:\/\/www.tktx.eu\/fr\/wp-json\/wp\/v2\/users\/1"}],"replies":[{"embeddable":true,"href":"https:\/\/www.tktx.eu\/fr\/wp-json\/wp\/v2\/comments?post=1708"}],"version-history":[{"count":1,"href":"https:\/\/www.tktx.eu\/fr\/wp-json\/wp\/v2\/pages\/1708\/revisions"}],"predecessor-version":[{"id":72210,"href":"https:\/\/www.tktx.eu\/fr\/wp-json\/wp\/v2\/pages\/1708\/revisions\/72210"}],"wp:attachment":[{"href":"https:\/\/www.tktx.eu\/fr\/wp-json\/wp\/v2\/media?parent=1708"}],"curies":[{"name":"wp","href":"https:\/\/api.w.org\/{rel}","templated":true}]}}