{"id":48689,"date":"2024-12-15T16:45:32","date_gmt":"2024-12-15T14:45:32","guid":{"rendered":"http:\/\/www.tktx.eu\/?post_type=product&#038;p=48689"},"modified":"2026-04-10T19:16:02","modified_gmt":"2026-04-10T17:16:02","slug":"spray-anesthesiant-tktx-12-30-ml","status":"publish","type":"product","link":"https:\/\/www.tktx.eu\/fr\/produit\/spray-anesthesiant-tktx-12-30-ml\/","title":{"rendered":"Spray anesth\u00e9siant TKTX 12%"},"content":{"rendered":"<p><strong>Restez \u00e0 l&#039;aise pendant votre s\u00e9ance<\/strong><br \/>\n<a href=\"https:\/\/www.tktx.eu\/fr\/etiquette-produit\/spray-anesthesiant-pendant-lintervention\/\">Spray anesth\u00e9siant TKTX<\/a> Sa formule est con\u00e7ue pour une exp\u00e9rience plus agr\u00e9able lors des tatouages, du maquillage permanent et autres soins esth\u00e9tiques. Son m\u00e9lange avanc\u00e9 contribue \u00e0 r\u00e9duire la sensibilit\u00e9 cutan\u00e9e et \u00e0 assurer un confort optimal tout au long du processus.<\/p>\n<p><strong>Mode d&#039;emploi\u00a0:<\/strong><\/p>\n<ul>\n<li>Postuler apr\u00e8s la phase initiale de planification ou de pr\u00e9paration.<\/li>\n<li>Limiter l&#039;application \u00e0 <strong>deux fois par s\u00e9ance<\/strong> sur la m\u00eame zone.<\/li>\n<\/ul>\n<p><strong>Id\u00e9al pour :<\/strong><\/p>\n<ul>\n<li>proc\u00e9dures de tatouage<\/li>\n<li>maquillage permanent (PMU)<\/li>\n<li>tatouage cosm\u00e9tique<\/li>\n<li>micro-aiguilles<\/li>\n<li>piercing corporel<\/li>\n<li>traitements au laser<\/li>\n<li>Fartage<br \/>\n\u2026et autres applications cosm\u00e9tiques similaires.<\/li>\n<\/ul>\n<p><strong>Informations importantes relatives \u00e0 la s\u00e9curit\u00e9\u00a0:<\/strong><\/p>\n<ul>\n<li>Usage externe uniquement<\/li>\n<li>\u00c9viter tout contact avec les yeux et la bouche<\/li>\n<li>Tenir hors de port\u00e9e des enfants<\/li>\n<li>\u00c0 conserver entre 0 \u00b0C et 30 \u00b0C, \u00e0 l&#039;abri de la lumi\u00e8re directe du soleil.<\/li>\n<li>Dur\u00e9e de conservation : 24 mois<\/li>\n<\/ul>\n<p><strong>Test cutan\u00e9 recommand\u00e9\u00a0:<\/strong><br \/>\nAppliquez une petite quantit\u00e9 sur votre peau 24 heures avant utilisation pour v\u00e9rifier votre sensibilit\u00e9.<\/p>","protected":false},"excerpt":{"rendered":"<p>Restez confiante et \u00e0 l&#039;aise tout au long de votre s\u00e9ance de tatouage ou de maquillage permanent ! <a href=\"https:\/\/www.tktx.eu\/fr\/etiquette-produit\/spray-anesthesiant-pendant-lintervention\/\">Spray anesth\u00e9siant TKTX<\/a> est con\u00e7u pour aider \u00e0 r\u00e9duire la sensibilit\u00e9 des surfaces et \u00e0 vous maintenir concentr\u00e9 du d\u00e9but \u00e0 la fin.<\/p>\n<p><strong>Mode d&#039;emploi\u00a0:<\/strong><br \/>\nAppliquez le spray anesth\u00e9siant TKTX apr\u00e8s le trac\u00e9 initial pour un confort optimal pendant toute la dur\u00e9e de l&#039;intervention. Sa formule avanc\u00e9e est con\u00e7ue pour une exp\u00e9rience plus douce et une r\u00e9duction des r\u00e9actions cutan\u00e9es.<\/p>\n<p><strong>Principaux avantages\u00a0:<\/strong><\/p>\n<ul>\n<li><strong>Action rapide\u00a0:<\/strong> Agit en quelques secondes pour un confort notable<\/li>\n<li><strong>Confort accru :<\/strong> Contribue \u00e0 r\u00e9duire la sensibilit\u00e9 lors de s\u00e9ances prolong\u00e9es<\/li>\n<li><strong>Support de surface :<\/strong> Formul\u00e9 pour aider \u00e0 minimiser le gonflement visible<\/li>\n<li><strong>Application facile\u00a0:<\/strong> Appliquer apr\u00e8s avoir pr\u00e9par\u00e9 la peau pour un r\u00e9sultat optimal.<\/li>\n<\/ul>\n<p>Pour un r\u00e9sultat optimal, appliquez le produit apr\u00e8s avoir pr\u00e9par\u00e9 la peau et poursuivez votre travail en toute confiance.<\/p>","protected":false},"featured_media":59527,"comment_status":"open","ping_status":"closed","template":"","meta":[],"product_brand":[],"product_cat":[196],"product_tag":[219,220],"class_list":{"0":"post-48689","1":"product","2":"type-product","3":"status-publish","4":"has-post-thumbnail","6":"product_cat-during-procedure","7":"product_tag-during-procedure-numbing-spray","8":"product_tag-numbing-spray","10":"first","11":"instock","12":"taxable","13":"shipping-taxable","14":"purchasable","15":"product-type-simple"},"yoast_head":"<!-- This site is optimized with the Yoast SEO Premium plugin v27.3 (Yoast SEO v27.3) - https:\/\/yoast.com\/product\/yoast-seo-premium-wordpress\/ -->\n<title>TKTX Numbing Spray 12% | TKTX Europe<\/title>\n<meta name=\"description\" content=\"Stay Comfortable During Your Session. Formulated to support a smoother experience during tattoos, Permanent MakeUp, and other cosmetic applications.\" \/>\n<meta name=\"robots\" content=\"index, follow, max-snippet:-1, max-image-preview:large, max-video-preview:-1\" \/>\n<link rel=\"canonical\" href=\"https:\/\/www.tktx.eu\/fr\/produit\/spray-anesthesiant-tktx-12-30-ml\/\" \/>\n<meta property=\"og:locale\" content=\"fr_FR\" \/>\n<meta property=\"og:type\" content=\"article\" \/>\n<meta property=\"og:title\" content=\"TKTX Numbing Spray 12%\" \/>\n<meta property=\"og:description\" content=\"Stay Comfortable During Your Session. Formulated to support a smoother experience during tattoos, Permanent MakeUp, and other cosmetic applications.\" \/>\n<meta property=\"og:url\" content=\"https:\/\/www.tktx.eu\/fr\/produit\/spray-anesthesiant-tktx-12-30-ml\/\" \/>\n<meta property=\"og:site_name\" content=\"TKTX Europe\" \/>\n<meta property=\"article:publisher\" content=\"https:\/\/www.facebook.com\/tktxinternational\" \/>\n<meta property=\"article:modified_time\" content=\"2026-04-10T17:16:02+00:00\" \/>\n<meta property=\"og:image\" content=\"https:\/\/www.tktx.eu\/wp-content\/uploads\/2024\/12\/TKTX-Numbing-Spray-12-Percent-Lidocaine-30mL_eu.jpg\" \/>\n\t<meta property=\"og:image:width\" content=\"1000\" \/>\n\t<meta property=\"og:image:height\" content=\"1167\" \/>\n\t<meta property=\"og:image:type\" content=\"image\/jpeg\" \/>\n<meta name=\"twitter:card\" content=\"summary_large_image\" \/>\n<meta name=\"twitter:site\" content=\"@tktxeurope\" \/>\n<script type=\"application\/ld+json\" class=\"yoast-schema-graph\">{\"@context\":\"https:\\\/\\\/schema.org\",\"@graph\":[{\"@type\":[\"WebPage\",\"ItemPage\"],\"@id\":\"https:\\\/\\\/www.tktx.eu\\\/product\\\/tktx-numbing-spray-12-percent-30ml\\\/\",\"url\":\"https:\\\/\\\/www.tktx.eu\\\/product\\\/tktx-numbing-spray-12-percent-30ml\\\/\",\"name\":\"TKTX Numbing Spray 12% | TKTX Europe\",\"isPartOf\":{\"@id\":\"https:\\\/\\\/www.tktx.eu\\\/#website\"},\"primaryImageOfPage\":{\"@id\":\"https:\\\/\\\/www.tktx.eu\\\/product\\\/tktx-numbing-spray-12-percent-30ml\\\/#primaryimage\"},\"image\":{\"@id\":\"https:\\\/\\\/www.tktx.eu\\\/product\\\/tktx-numbing-spray-12-percent-30ml\\\/#primaryimage\"},\"thumbnailUrl\":\"https:\\\/\\\/www.tktx.eu\\\/wp-content\\\/uploads\\\/2024\\\/12\\\/TKTX-Numbing-Spray-12-Percent-Lidocaine-30mL_eu.jpg\",\"datePublished\":\"2024-12-15T14:45:32+00:00\",\"dateModified\":\"2026-04-10T17:16:02+00:00\",\"description\":\"Stay Comfortable During Your Session. Formulated to support a smoother experience during tattoos, Permanent MakeUp, and other cosmetic applications.\",\"breadcrumb\":{\"@id\":\"https:\\\/\\\/www.tktx.eu\\\/product\\\/tktx-numbing-spray-12-percent-30ml\\\/#breadcrumb\"},\"inLanguage\":\"fr-FR\",\"potentialAction\":[{\"@type\":\"ReadAction\",\"target\":[\"https:\\\/\\\/www.tktx.eu\\\/product\\\/tktx-numbing-spray-12-percent-30ml\\\/\"]}]},{\"@type\":\"ImageObject\",\"inLanguage\":\"fr-FR\",\"@id\":\"https:\\\/\\\/www.tktx.eu\\\/product\\\/tktx-numbing-spray-12-percent-30ml\\\/#primaryimage\",\"url\":\"https:\\\/\\\/www.tktx.eu\\\/wp-content\\\/uploads\\\/2024\\\/12\\\/TKTX-Numbing-Spray-12-Percent-Lidocaine-30mL_eu.jpg\",\"contentUrl\":\"https:\\\/\\\/www.tktx.eu\\\/wp-content\\\/uploads\\\/2024\\\/12\\\/TKTX-Numbing-Spray-12-Percent-Lidocaine-30mL_eu.jpg\",\"width\":1000,\"height\":1167,\"caption\":\"TKTX Numbing Spray 12% Lidocaine, 30mL\"},{\"@type\":\"BreadcrumbList\",\"@id\":\"https:\\\/\\\/www.tktx.eu\\\/product\\\/tktx-numbing-spray-12-percent-30ml\\\/#breadcrumb\",\"itemListElement\":[{\"@type\":\"ListItem\",\"position\":1,\"name\":\"Home\",\"item\":\"https:\\\/\\\/www.tktx.eu\\\/\"},{\"@type\":\"ListItem\",\"position\":2,\"name\":\"TKTX Europe\u00ae Store\",\"item\":\"https:\\\/\\\/www.tktx.eu\\\/nl\\\/winkel\\\/\"},{\"@type\":\"ListItem\",\"position\":3,\"name\":\"TKTX Numbing Spray 12%\"}]},{\"@type\":\"WebSite\",\"@id\":\"https:\\\/\\\/www.tktx.eu\\\/#website\",\"url\":\"https:\\\/\\\/www.tktx.eu\\\/\",\"name\":\"TKTX Europe\",\"description\":\"TKTX Numbing Cream | Official EU Supplier\",\"publisher\":{\"@id\":\"https:\\\/\\\/www.tktx.eu\\\/#organization\"},\"alternateName\":\"TKTX Europe\",\"potentialAction\":[{\"@type\":\"SearchAction\",\"target\":{\"@type\":\"EntryPoint\",\"urlTemplate\":\"https:\\\/\\\/www.tktx.eu\\\/?s={search_term_string}\"},\"query-input\":{\"@type\":\"PropertyValueSpecification\",\"valueRequired\":true,\"valueName\":\"search_term_string\"}}],\"inLanguage\":\"fr-FR\"},{\"@type\":\"Organization\",\"@id\":\"https:\\\/\\\/www.tktx.eu\\\/#organization\",\"name\":\"BAODAO GmbH\",\"alternateName\":\"TKTX Europe\",\"url\":\"https:\\\/\\\/www.tktx.eu\\\/\",\"logo\":{\"@type\":\"ImageObject\",\"inLanguage\":\"fr-FR\",\"@id\":\"https:\\\/\\\/www.tktx.eu\\\/#\\\/schema\\\/logo\\\/image\\\/\",\"url\":\"https:\\\/\\\/www.tktx.eu\\\/wp-content\\\/uploads\\\/2023\\\/04\\\/Official-TKTX_logo.svg\",\"contentUrl\":\"https:\\\/\\\/www.tktx.eu\\\/wp-content\\\/uploads\\\/2023\\\/04\\\/Official-TKTX_logo.svg\",\"width\":39,\"height\":14,\"caption\":\"BAODAO GmbH\"},\"image\":{\"@id\":\"https:\\\/\\\/www.tktx.eu\\\/#\\\/schema\\\/logo\\\/image\\\/\"},\"sameAs\":[\"https:\\\/\\\/www.facebook.com\\\/tktxinternational\",\"https:\\\/\\\/x.com\\\/tktxeurope\",\"https:\\\/\\\/www.instagram.com\\\/tktx.international\",\"https:\\\/\\\/www.pinterest.com\\\/tktxinternational\"],\"description\":\"TKTX Europe\u00ae is the official European distributor of authentic TKTX numbing products, operated by BAODAO GmbH and based in Rostock, Germany. We provide fast, reliable EU\u2011based delivery using DHL Paket Premium and DHL Express, ensuring secure and efficient service across Europe. Our focus is on premium-quality numbing creams and related aftercare products for tattoos, PMU, laser procedures and cosmetic treatments. All orders are shipped from our European fulfilment center, processed with strict quality control, and supported by secure payment methods including Stripe (Credit Card), PayPal, and SEPA transfers. We offer Buyer Protection for every order, transparent shipping policies, and dedicated customer support via WhatsApp and email. As an EU\u2011registered company, TKTX Europe\u00ae is committed to providing authentic products, verified stock, and trustworthy service for customers across the European market.\",\"email\":\"support@tktx.eu\",\"telephone\":\"+4915236423944\",\"legalName\":\"BAODAO GmbH\",\"vatID\":\"DE457888659\",\"taxID\":\"079 106 09399\",\"numberOfEmployees\":{\"@type\":\"QuantitativeValue\",\"minValue\":\"1\",\"maxValue\":\"10\"},\"ownershipFundingInfo\":\"https:\\\/\\\/www.tktx.eu\\\/terms-conditions\\\/\",\"actionableFeedbackPolicy\":\"https:\\\/\\\/www.tktx.eu\\\/terms-conditions\\\/\",\"correctionsPolicy\":\"https:\\\/\\\/www.tktx.eu\\\/terms-conditions\\\/\",\"hasMerchantReturnPolicy\":{\"@type\":\"MerchantReturnPolicy\",\"merchantReturnLink\":\"https:\\\/\\\/www.tktx.eu\\\/fr\\\/remboursement_retours\\\/\"}}]}<\/script>\n<meta property=\"product:price:amount\" content=\"24.50\" \/>\n<meta property=\"product:price:currency\" content=\"EUR\" \/>\n<meta property=\"og:availability\" content=\"instock\" \/>\n<meta property=\"product:availability\" content=\"instock\" \/>\n<meta property=\"product:condition\" content=\"new\" \/>\n<!-- \/ Yoast SEO Premium plugin. -->","yoast_head_json":{"title":"Spray anesth\u00e9siant TKTX 12% | TKTX Europe","description":"Restez \u00e0 l&#039;aise pendant votre s\u00e9ance. Formul\u00e9 pour une exp\u00e9rience plus agr\u00e9able lors des tatouages, du maquillage permanent et autres soins cosm\u00e9tiques.","robots":{"index":"index","follow":"follow","max-snippet":"max-snippet:-1","max-image-preview":"max-image-preview:large","max-video-preview":"max-video-preview:-1"},"canonical":"https:\/\/www.tktx.eu\/fr\/produit\/spray-anesthesiant-tktx-12-30-ml\/","og_locale":"fr_FR","og_type":"article","og_title":"TKTX Numbing Spray 12%","og_description":"Stay Comfortable During Your Session. Formulated to support a smoother experience during tattoos, Permanent MakeUp, and other cosmetic applications.","og_url":"https:\/\/www.tktx.eu\/fr\/produit\/spray-anesthesiant-tktx-12-30-ml\/","og_site_name":"TKTX Europe","article_publisher":"https:\/\/www.facebook.com\/tktxinternational","article_modified_time":"2026-04-10T17:16:02+00:00","og_image":[{"width":1000,"height":1167,"url":"https:\/\/www.tktx.eu\/wp-content\/uploads\/2024\/12\/TKTX-Numbing-Spray-12-Percent-Lidocaine-30mL_eu.jpg","type":"image\/jpeg"}],"twitter_card":"summary_large_image","twitter_site":"@tktxeurope","schema":{"@context":"https:\/\/schema.org","@graph":[{"@type":["WebPage","ItemPage"],"@id":"https:\/\/www.tktx.eu\/product\/tktx-numbing-spray-12-percent-30ml\/","url":"https:\/\/www.tktx.eu\/product\/tktx-numbing-spray-12-percent-30ml\/","name":"Spray anesth\u00e9siant TKTX 12% | TKTX Europe","isPartOf":{"@id":"https:\/\/www.tktx.eu\/#website"},"primaryImageOfPage":{"@id":"https:\/\/www.tktx.eu\/product\/tktx-numbing-spray-12-percent-30ml\/#primaryimage"},"image":{"@id":"https:\/\/www.tktx.eu\/product\/tktx-numbing-spray-12-percent-30ml\/#primaryimage"},"thumbnailUrl":"https:\/\/www.tktx.eu\/wp-content\/uploads\/2024\/12\/TKTX-Numbing-Spray-12-Percent-Lidocaine-30mL_eu.jpg","datePublished":"2024-12-15T14:45:32+00:00","dateModified":"2026-04-10T17:16:02+00:00","description":"Restez \u00e0 l&#039;aise pendant votre s\u00e9ance. Formul\u00e9 pour une exp\u00e9rience plus agr\u00e9able lors des tatouages, du maquillage permanent et autres soins cosm\u00e9tiques.","breadcrumb":{"@id":"https:\/\/www.tktx.eu\/product\/tktx-numbing-spray-12-percent-30ml\/#breadcrumb"},"inLanguage":"fr-FR","potentialAction":[{"@type":"ReadAction","target":["https:\/\/www.tktx.eu\/product\/tktx-numbing-spray-12-percent-30ml\/"]}]},{"@type":"ImageObject","inLanguage":"fr-FR","@id":"https:\/\/www.tktx.eu\/product\/tktx-numbing-spray-12-percent-30ml\/#primaryimage","url":"https:\/\/www.tktx.eu\/wp-content\/uploads\/2024\/12\/TKTX-Numbing-Spray-12-Percent-Lidocaine-30mL_eu.jpg","contentUrl":"https:\/\/www.tktx.eu\/wp-content\/uploads\/2024\/12\/TKTX-Numbing-Spray-12-Percent-Lidocaine-30mL_eu.jpg","width":1000,"height":1167,"caption":"TKTX Numbing Spray 12% Lidocaine, 30mL"},{"@type":"BreadcrumbList","@id":"https:\/\/www.tktx.eu\/product\/tktx-numbing-spray-12-percent-30ml\/#breadcrumb","itemListElement":[{"@type":"ListItem","position":1,"name":"Home","item":"https:\/\/www.tktx.eu\/"},{"@type":"ListItem","position":2,"name":"TKTX Europe\u00ae Store","item":"https:\/\/www.tktx.eu\/nl\/winkel\/"},{"@type":"ListItem","position":3,"name":"TKTX Numbing Spray 12%"}]},{"@type":"WebSite","@id":"https:\/\/www.tktx.eu\/#website","url":"https:\/\/www.tktx.eu\/","name":"TKTX Europe","description":"Cr\u00e8me anesth\u00e9siante TKTX | Fournisseur officiel UE","publisher":{"@id":"https:\/\/www.tktx.eu\/#organization"},"alternateName":"TKTX Europe","potentialAction":[{"@type":"SearchAction","target":{"@type":"EntryPoint","urlTemplate":"https:\/\/www.tktx.eu\/?s={search_term_string}"},"query-input":{"@type":"PropertyValueSpecification","valueRequired":true,"valueName":"search_term_string"}}],"inLanguage":"fr-FR"},{"@type":"Organization","@id":"https:\/\/www.tktx.eu\/#organization","name":"BAODAO GmbH","alternateName":"TKTX Europe","url":"https:\/\/www.tktx.eu\/","logo":{"@type":"ImageObject","inLanguage":"fr-FR","@id":"https:\/\/www.tktx.eu\/#\/schema\/logo\/image\/","url":"https:\/\/www.tktx.eu\/wp-content\/uploads\/2023\/04\/Official-TKTX_logo.svg","contentUrl":"https:\/\/www.tktx.eu\/wp-content\/uploads\/2023\/04\/Official-TKTX_logo.svg","width":39,"height":14,"caption":"BAODAO GmbH"},"image":{"@id":"https:\/\/www.tktx.eu\/#\/schema\/logo\/image\/"},"sameAs":["https:\/\/www.facebook.com\/tktxinternational","https:\/\/x.com\/tktxeurope","https:\/\/www.instagram.com\/tktx.international","https:\/\/www.pinterest.com\/tktxinternational"],"description":"TKTX Europe\u00ae est le distributeur europ\u00e9en officiel des produits anesth\u00e9siants authentiques TKTX. La soci\u00e9t\u00e9 BAODAO GmbH est bas\u00e9e \u00e0 Rostock, en Allemagne. Nous assurons une livraison rapide et fiable dans toute l&#039;UE gr\u00e2ce \u00e0 DHL Paket Premium et DHL Express, garantissant un service s\u00e9curis\u00e9 et efficace. Nous nous sp\u00e9cialisons dans les cr\u00e8mes anesth\u00e9siantes de qualit\u00e9 sup\u00e9rieure et les produits de soins associ\u00e9s pour les tatouages, le maquillage permanent, les traitements laser et les soins esth\u00e9tiques. Toutes les commandes sont exp\u00e9di\u00e9es depuis notre centre de distribution europ\u00e9en, trait\u00e9es avec un contr\u00f4le qualit\u00e9 rigoureux et s\u00e9curis\u00e9es par des moyens de paiement tels que Stripe (carte bancaire), PayPal et virement SEPA. Nous offrons une protection acheteur pour chaque commande, des conditions de livraison transparentes et un service client d\u00e9di\u00e9 par WhatsApp et e-mail. En tant qu&#039;entreprise enregistr\u00e9e dans l&#039;UE, TKTX Europe\u00ae s&#039;engage \u00e0 fournir des produits authentiques, des stocks v\u00e9rifi\u00e9s et un service de confiance \u00e0 ses clients sur le march\u00e9 europ\u00e9en.","email":"support@tktx.eu","telephone":"+4915236423944","legalName":"BAODAO GmbH","vatID":"DE457888659","taxID":"079 106 09399","numberOfEmployees":{"@type":"QuantitativeValue","minValue":"1","maxValue":"10"},"ownershipFundingInfo":"https:\/\/www.tktx.eu\/terms-conditions\/","actionableFeedbackPolicy":"https:\/\/www.tktx.eu\/terms-conditions\/","correctionsPolicy":"https:\/\/www.tktx.eu\/terms-conditions\/","hasMerchantReturnPolicy":{"@type":"MerchantReturnPolicy","merchantReturnLink":"https:\/\/www.tktx.eu\/fr\/remboursement_retours\/"}}]},"product_price_amount":"24.50","product_price_currency":"EUR","og_availability":"instock","product_availability":"instock","product_condition":"new"},"_links":{"self":[{"href":"https:\/\/www.tktx.eu\/fr\/wp-json\/wp\/v2\/product\/48689","targetHints":{"allow":["GET"]}}],"collection":[{"href":"https:\/\/www.tktx.eu\/fr\/wp-json\/wp\/v2\/product"}],"about":[{"href":"https:\/\/www.tktx.eu\/fr\/wp-json\/wp\/v2\/types\/product"}],"replies":[{"embeddable":true,"href":"https:\/\/www.tktx.eu\/fr\/wp-json\/wp\/v2\/comments?post=48689"}],"wp:featuredmedia":[{"embeddable":true,"href":"https:\/\/www.tktx.eu\/fr\/wp-json\/wp\/v2\/media\/59527"}],"wp:attachment":[{"href":"https:\/\/www.tktx.eu\/fr\/wp-json\/wp\/v2\/media?parent=48689"}],"wp:term":[{"taxonomy":"product_brand","embeddable":true,"href":"https:\/\/www.tktx.eu\/fr\/wp-json\/wp\/v2\/product_brand?post=48689"},{"taxonomy":"product_cat","embeddable":true,"href":"https:\/\/www.tktx.eu\/fr\/wp-json\/wp\/v2\/product_cat?post=48689"},{"taxonomy":"product_tag","embeddable":true,"href":"https:\/\/www.tktx.eu\/fr\/wp-json\/wp\/v2\/product_tag?post=48689"}],"curies":[{"name":"wp","href":"https:\/\/api.w.org\/{rel}","templated":true}]}}