{"id":1708,"date":"2018-06-21T07:50:55","date_gmt":"2018-06-21T07:50:55","guid":{"rendered":"http:\/\/barberry:8888\/my-account\/"},"modified":"2026-04-11T01:49:54","modified_gmt":"2026-04-10T23:49:54","slug":"mitt-konto","status":"publish","type":"page","link":"https:\/\/www.tktx.eu\/sv\/mitt-konto\/","title":{"rendered":"Mitt konto"},"content":{"rendered":"<div class=\"woocommerce\"><\/div>","protected":false},"excerpt":{"rendered":"","protected":false},"author":1,"featured_media":0,"parent":0,"menu_order":0,"comment_status":"closed","ping_status":"closed","template":"","meta":{"footnotes":""},"class_list":["post-1708","page","type-page","status-publish","hentry"],"yoast_head":"<!-- This site is optimized with the Yoast SEO Premium plugin v27.3 (Yoast SEO v27.3) - https:\/\/yoast.com\/product\/yoast-seo-premium-wordpress\/ -->\n<title>My account | TKTX Europe<\/title>\n<meta name=\"robots\" content=\"index, follow, max-snippet:-1, max-image-preview:large, max-video-preview:-1\" \/>\n<link rel=\"canonical\" href=\"https:\/\/www.tktx.eu\/sv\/mitt-konto\/\" \/>\n<meta property=\"og:locale\" content=\"sv_SE\" \/>\n<meta property=\"og:type\" content=\"article\" \/>\n<meta property=\"og:title\" content=\"My account\" \/>\n<meta property=\"og:url\" content=\"https:\/\/www.tktx.eu\/sv\/mitt-konto\/\" \/>\n<meta property=\"og:site_name\" content=\"TKTX Europe\" \/>\n<meta property=\"article:publisher\" content=\"https:\/\/www.facebook.com\/tktxinternational\" \/>\n<meta property=\"article:modified_time\" content=\"2026-04-10T23:49:54+00:00\" \/>\n<meta property=\"og:image\" content=\"https:\/\/www.tktx.eu\/wp-content\/uploads\/2021\/09\/tktx_official_mm_background_1-e1630792902679.jpg\" \/>\n\t<meta property=\"og:image:width\" content=\"298\" \/>\n\t<meta property=\"og:image:height\" content=\"300\" \/>\n\t<meta property=\"og:image:type\" content=\"image\/jpeg\" \/>\n<meta name=\"twitter:card\" content=\"summary_large_image\" \/>\n<meta name=\"twitter:site\" content=\"@tktxeurope\" \/>\n<script type=\"application\/ld+json\" class=\"yoast-schema-graph\">{\"@context\":\"https:\\\/\\\/schema.org\",\"@graph\":[{\"@type\":\"WebPage\",\"@id\":\"https:\\\/\\\/www.tktx.eu\\\/my-account\\\/\",\"url\":\"https:\\\/\\\/www.tktx.eu\\\/my-account\\\/\",\"name\":\"My account | TKTX Europe\",\"isPartOf\":{\"@id\":\"https:\\\/\\\/www.tktx.eu\\\/#website\"},\"datePublished\":\"2018-06-21T07:50:55+00:00\",\"dateModified\":\"2026-04-10T23:49:54+00:00\",\"breadcrumb\":{\"@id\":\"https:\\\/\\\/www.tktx.eu\\\/my-account\\\/#breadcrumb\"},\"inLanguage\":\"sv-SE\",\"potentialAction\":[{\"@type\":\"ReadAction\",\"target\":[\"https:\\\/\\\/www.tktx.eu\\\/my-account\\\/\"]}]},{\"@type\":\"BreadcrumbList\",\"@id\":\"https:\\\/\\\/www.tktx.eu\\\/my-account\\\/#breadcrumb\",\"itemListElement\":[{\"@type\":\"ListItem\",\"position\":1,\"name\":\"Home\",\"item\":\"https:\\\/\\\/www.tktx.eu\\\/\"},{\"@type\":\"ListItem\",\"position\":2,\"name\":\"My account\"}]},{\"@type\":\"WebSite\",\"@id\":\"https:\\\/\\\/www.tktx.eu\\\/#website\",\"url\":\"https:\\\/\\\/www.tktx.eu\\\/\",\"name\":\"TKTX Europe\",\"description\":\"TKTX Numbing Cream | Official EU Supplier\",\"publisher\":{\"@id\":\"https:\\\/\\\/www.tktx.eu\\\/#organization\"},\"alternateName\":\"TKTX Europe\",\"potentialAction\":[{\"@type\":\"SearchAction\",\"target\":{\"@type\":\"EntryPoint\",\"urlTemplate\":\"https:\\\/\\\/www.tktx.eu\\\/?s={search_term_string}\"},\"query-input\":{\"@type\":\"PropertyValueSpecification\",\"valueRequired\":true,\"valueName\":\"search_term_string\"}}],\"inLanguage\":\"sv-SE\"},{\"@type\":\"Organization\",\"@id\":\"https:\\\/\\\/www.tktx.eu\\\/#organization\",\"name\":\"BAODAO GmbH\",\"alternateName\":\"TKTX Europe\",\"url\":\"https:\\\/\\\/www.tktx.eu\\\/\",\"logo\":{\"@type\":\"ImageObject\",\"inLanguage\":\"sv-SE\",\"@id\":\"https:\\\/\\\/www.tktx.eu\\\/#\\\/schema\\\/logo\\\/image\\\/\",\"url\":\"https:\\\/\\\/www.tktx.eu\\\/wp-content\\\/uploads\\\/2023\\\/04\\\/Official-TKTX_logo.svg\",\"contentUrl\":\"https:\\\/\\\/www.tktx.eu\\\/wp-content\\\/uploads\\\/2023\\\/04\\\/Official-TKTX_logo.svg\",\"width\":39,\"height\":14,\"caption\":\"BAODAO GmbH\"},\"image\":{\"@id\":\"https:\\\/\\\/www.tktx.eu\\\/#\\\/schema\\\/logo\\\/image\\\/\"},\"sameAs\":[\"https:\\\/\\\/www.facebook.com\\\/tktxinternational\",\"https:\\\/\\\/x.com\\\/tktxeurope\",\"https:\\\/\\\/www.instagram.com\\\/tktx.international\",\"https:\\\/\\\/www.pinterest.com\\\/tktxinternational\"],\"description\":\"TKTX Europe\u00ae is the official European distributor of authentic TKTX numbing products, operated by BAODAO GmbH and based in Rostock, Germany. We provide fast, reliable EU\u2011based delivery using DHL Paket Premium and DHL Express, ensuring secure and efficient service across Europe. Our focus is on premium-quality numbing creams and related aftercare products for tattoos, PMU, laser procedures and cosmetic treatments. All orders are shipped from our European fulfilment center, processed with strict quality control, and supported by secure payment methods including Stripe (Credit Card), PayPal, and SEPA transfers. We offer Buyer Protection for every order, transparent shipping policies, and dedicated customer support via WhatsApp and email. As an EU\u2011registered company, TKTX Europe\u00ae is committed to providing authentic products, verified stock, and trustworthy service for customers across the European market.\",\"email\":\"support@tktx.eu\",\"telephone\":\"+4915236423944\",\"legalName\":\"BAODAO GmbH\",\"vatID\":\"DE457888659\",\"taxID\":\"079 106 09399\",\"numberOfEmployees\":{\"@type\":\"QuantitativeValue\",\"minValue\":\"1\",\"maxValue\":\"10\"},\"ownershipFundingInfo\":\"https:\\\/\\\/www.tktx.eu\\\/terms-conditions\\\/\",\"actionableFeedbackPolicy\":\"https:\\\/\\\/www.tktx.eu\\\/terms-conditions\\\/\",\"correctionsPolicy\":\"https:\\\/\\\/www.tktx.eu\\\/terms-conditions\\\/\",\"hasMerchantReturnPolicy\":{\"@type\":\"MerchantReturnPolicy\",\"merchantReturnLink\":\"https:\\\/\\\/www.tktx.eu\\\/sv\\\/aterbetalning_returer\\\/\"}}]}<\/script>\n<!-- \/ Yoast SEO Premium plugin. -->","yoast_head_json":{"title":"Mitt konto | TKTX Europa","robots":{"index":"index","follow":"follow","max-snippet":"max-snippet:-1","max-image-preview":"max-image-preview:large","max-video-preview":"max-video-preview:-1"},"canonical":"https:\/\/www.tktx.eu\/sv\/mitt-konto\/","og_locale":"sv_SE","og_type":"article","og_title":"My account","og_url":"https:\/\/www.tktx.eu\/sv\/mitt-konto\/","og_site_name":"TKTX Europe","article_publisher":"https:\/\/www.facebook.com\/tktxinternational","article_modified_time":"2026-04-10T23:49:54+00:00","og_image":[{"width":298,"height":300,"url":"https:\/\/www.tktx.eu\/wp-content\/uploads\/2021\/09\/tktx_official_mm_background_1-e1630792902679.jpg","type":"image\/jpeg"}],"twitter_card":"summary_large_image","twitter_site":"@tktxeurope","schema":{"@context":"https:\/\/schema.org","@graph":[{"@type":"WebPage","@id":"https:\/\/www.tktx.eu\/my-account\/","url":"https:\/\/www.tktx.eu\/my-account\/","name":"Mitt konto | TKTX Europa","isPartOf":{"@id":"https:\/\/www.tktx.eu\/#website"},"datePublished":"2018-06-21T07:50:55+00:00","dateModified":"2026-04-10T23:49:54+00:00","breadcrumb":{"@id":"https:\/\/www.tktx.eu\/my-account\/#breadcrumb"},"inLanguage":"sv-SE","potentialAction":[{"@type":"ReadAction","target":["https:\/\/www.tktx.eu\/my-account\/"]}]},{"@type":"BreadcrumbList","@id":"https:\/\/www.tktx.eu\/my-account\/#breadcrumb","itemListElement":[{"@type":"ListItem","position":1,"name":"Home","item":"https:\/\/www.tktx.eu\/"},{"@type":"ListItem","position":2,"name":"My account"}]},{"@type":"WebSite","@id":"https:\/\/www.tktx.eu\/#website","url":"https:\/\/www.tktx.eu\/","name":"TKTX Europa","description":"TKTX Bed\u00f6vande Kr\u00e4m | Officiell EU-leverant\u00f6r","publisher":{"@id":"https:\/\/www.tktx.eu\/#organization"},"alternateName":"TKTX Europe","potentialAction":[{"@type":"SearchAction","target":{"@type":"EntryPoint","urlTemplate":"https:\/\/www.tktx.eu\/?s={search_term_string}"},"query-input":{"@type":"PropertyValueSpecification","valueRequired":true,"valueName":"search_term_string"}}],"inLanguage":"sv-SE"},{"@type":"Organization","@id":"https:\/\/www.tktx.eu\/#organization","name":"BAODAO GmbH","alternateName":"TKTX Europe","url":"https:\/\/www.tktx.eu\/","logo":{"@type":"ImageObject","inLanguage":"sv-SE","@id":"https:\/\/www.tktx.eu\/#\/schema\/logo\/image\/","url":"https:\/\/www.tktx.eu\/wp-content\/uploads\/2023\/04\/Official-TKTX_logo.svg","contentUrl":"https:\/\/www.tktx.eu\/wp-content\/uploads\/2023\/04\/Official-TKTX_logo.svg","width":39,"height":14,"caption":"BAODAO GmbH"},"image":{"@id":"https:\/\/www.tktx.eu\/#\/schema\/logo\/image\/"},"sameAs":["https:\/\/www.facebook.com\/tktxinternational","https:\/\/x.com\/tktxeurope","https:\/\/www.instagram.com\/tktx.international","https:\/\/www.pinterest.com\/tktxinternational"],"description":"TKTX Europe\u00ae \u00e4r den officiella europeiska distribut\u00f6ren av autentiska TKTX-bed\u00f6vningsprodukter, drivna av BAODAO GmbH och baserade i Rostock, Tyskland. Vi erbjuder snabb och p\u00e5litlig leverans inom EU med DHL Paket Premium och DHL Express, vilket s\u00e4kerst\u00e4ller s\u00e4ker och effektiv service i hela Europa. V\u00e5rt fokus ligger p\u00e5 bed\u00f6vningskr\u00e4mer av h\u00f6gsta kvalitet och relaterade efterv\u00e5rdsprodukter f\u00f6r tatueringar, PMU, laserbehandlingar och kosmetiska behandlingar. Alla best\u00e4llningar skickas fr\u00e5n v\u00e5rt europeiska distributionscenter, behandlas med strikt kvalitetskontroll och st\u00f6ds av s\u00e4kra betalningsmetoder inklusive Stripe (kreditkort), PayPal och SEPA-\u00f6verf\u00f6ringar. Vi erbjuder k\u00f6parskydd f\u00f6r varje best\u00e4llning, transparenta leveranspolicyer och dedikerad kundsupport via WhatsApp och e-post. Som ett EU-registrerat f\u00f6retag \u00e4r TKTX Europe\u00ae engagerade i att tillhandah\u00e5lla autentiska produkter, verifierat lager och p\u00e5litlig service f\u00f6r kunder \u00f6ver hela den europeiska marknaden.","email":"support@tktx.eu","telephone":"+4915236423944","legalName":"BAODAO GmbH","vatID":"DE457888659","taxID":"079 106 09399","numberOfEmployees":{"@type":"QuantitativeValue","minValue":"1","maxValue":"10"},"ownershipFundingInfo":"https:\/\/www.tktx.eu\/terms-conditions\/","actionableFeedbackPolicy":"https:\/\/www.tktx.eu\/terms-conditions\/","correctionsPolicy":"https:\/\/www.tktx.eu\/terms-conditions\/","hasMerchantReturnPolicy":{"@type":"MerchantReturnPolicy","merchantReturnLink":"https:\/\/www.tktx.eu\/sv\/aterbetalning_returer\/"}}]}},"_links":{"self":[{"href":"https:\/\/www.tktx.eu\/sv\/wp-json\/wp\/v2\/pages\/1708","targetHints":{"allow":["GET"]}}],"collection":[{"href":"https:\/\/www.tktx.eu\/sv\/wp-json\/wp\/v2\/pages"}],"about":[{"href":"https:\/\/www.tktx.eu\/sv\/wp-json\/wp\/v2\/types\/page"}],"author":[{"embeddable":true,"href":"https:\/\/www.tktx.eu\/sv\/wp-json\/wp\/v2\/users\/1"}],"replies":[{"embeddable":true,"href":"https:\/\/www.tktx.eu\/sv\/wp-json\/wp\/v2\/comments?post=1708"}],"version-history":[{"count":1,"href":"https:\/\/www.tktx.eu\/sv\/wp-json\/wp\/v2\/pages\/1708\/revisions"}],"predecessor-version":[{"id":72210,"href":"https:\/\/www.tktx.eu\/sv\/wp-json\/wp\/v2\/pages\/1708\/revisions\/72210"}],"wp:attachment":[{"href":"https:\/\/www.tktx.eu\/sv\/wp-json\/wp\/v2\/media?parent=1708"}],"curies":[{"name":"wp","href":"https:\/\/api.w.org\/{rel}","templated":true}]}}